{"id":19,"date":"2020-02-19T19:51:23","date_gmt":"2020-02-19T19:51:23","guid":{"rendered":"http:\/\/www.otabis.ch\/?page_id=19"},"modified":"2020-02-20T12:48:43","modified_gmt":"2020-02-20T12:48:43","slug":"ueber-uns","status":"publish","type":"page","link":"https:\/\/www.otabis.ch\/?page_id=19","title":{"rendered":"\u00dcber uns"},"content":{"rendered":"\n<p class=\"has-text-align-left\">\n    \n    Bei uns finden Sie Unterst\u00fctzung f\u00fcr Ihr t\u00e4gliches Business, Manpower f\u00fcr Ihre Projekte, nachhaltige L\u00f6sungen f\u00fcr Ihre neueste Gesch\u00e4ftsidee. Unser IT-Portfolio umfasst sowohl engagierte Administratoren f\u00fcr Ihr Netzwerk, top ausgebildete Webentwickler als auch Businessanalysten mit Branchenkompetenz.<\/p>\n\n\n\n<h2 class=\"has-text-align-center wp-block-heading\">Referenzen<\/h2>\n\n\n\n<p class=\"has-text-align-center\">\n\t\t<style>\n\t\t\t#wpls-logo-showcase-slider-1 .wpls-fix-box,\n\t\t\t#wpls-logo-showcase-slider-1 .wpls-fix-box img.wp-post-image{max-height:250px; }\n\t\t<\/style>\n\n\t\t<div class=\"wpls-wrap wpls-logo-showcase-slider-wrp wpls-logo-clearfix wpls-design-1 \" data-conf=\"{&quot;slides_column&quot;:&quot;3&quot;,&quot;slides_scroll&quot;:&quot;1&quot;,&quot;dots&quot;:&quot;false&quot;,&quot;arrows&quot;:&quot;false&quot;,&quot;autoplay&quot;:&quot;true&quot;,&quot;autoplay_interval&quot;:&quot;500&quot;,&quot;loop&quot;:&quot;true&quot;,&quot;rtl&quot;:&quot;false&quot;,&quot;speed&quot;:800,&quot;center_mode&quot;:&quot;true&quot;,&quot;lazyload&quot;:&quot;&quot;}\">\n\t\t\t<div class=\"wpls-logo-showcase logo_showcase wpls-logo-slider wpls-center  wpls-dots-false\" id=\"wpls-logo-showcase-slider-1\" >\n\t\t\t\t<div class=\"wpls-logo-cnt\">\n\t<div class=\"wpls-fix-box\">\n\t\t\t\t<a href=\"https:\/\/www.esyon.de\/\" target=\"_blank\">\n\t\t\t<img decoding=\"async\" class=\"wp-post-image\"  src=\"https:\/\/www.otabis.ch\/wp-content\/uploads\/2020\/02\/esyon.png\" alt=\"\" \/>\n\t\t<\/a>\n\t\t\t<\/div>\n\t<\/div><div class=\"wpls-logo-cnt\">\n\t<div class=\"wpls-fix-box\">\n\t\t\t\t<a href=\"http:\/\/farmy.ch\" target=\"_blank\">\n\t\t\t<img decoding=\"async\" class=\"wp-post-image\"  src=\"https:\/\/www.otabis.ch\/wp-content\/uploads\/2020\/02\/f_logo.png\" alt=\"farmy\" \/>\n\t\t<\/a>\n\t\t\t<\/div>\n\t<\/div><div class=\"wpls-logo-cnt\">\n\t<div class=\"wpls-fix-box\">\n\t\t\t\t<a href=\"https:\/\/cresoft.ch\/\" target=\"_blank\">\n\t\t\t<img decoding=\"async\" class=\"wp-post-image\"  src=\"https:\/\/www.otabis.ch\/wp-content\/uploads\/2020\/02\/cresoft_logo.png\" alt=\"Cresoft AG\" \/>\n\t\t<\/a>\n\t\t\t<\/div>\n\t<\/div><div class=\"wpls-logo-cnt\">\n\t<div class=\"wpls-fix-box\">\n\t\t\t\t<a href=\"http:\/\/www.ceha5.ch\/home\/\" target=\"_blank\">\n\t\t\t<img decoding=\"async\" class=\"wp-post-image\"  src=\"https:\/\/www.otabis.ch\/wp-content\/uploads\/2020\/02\/ceha5_logo-1.png\" alt=\"ceha5\" \/>\n\t\t<\/a>\n\t\t\t<\/div>\n\t<\/div><div class=\"wpls-logo-cnt\">\n\t<div class=\"wpls-fix-box\">\n\t\t\t\t<a href=\"https:\/\/www.springer.com\" target=\"_blank\">\n\t\t\t<img decoding=\"async\" class=\"wp-post-image\"  src=\"https:\/\/www.otabis.ch\/wp-content\/uploads\/2020\/02\/springer_.png\" alt=\"Springer\" \/>\n\t\t<\/a>\n\t\t\t<\/div>\n\t<\/div><div class=\"wpls-logo-cnt\">\n\t<div class=\"wpls-fix-box\">\n\t\t\t\t<a href=\"https:\/\/www.zak-designs.eu\/\" target=\"_blank\">\n\t\t\t<img decoding=\"async\" class=\"wp-post-image\"  src=\"https:\/\/www.otabis.ch\/wp-content\/uploads\/2020\/02\/zak-Rev.png\" alt=\"zak!\" \/>\n\t\t<\/a>\n\t\t\t<\/div>\n\t<\/div><div class=\"wpls-logo-cnt\">\n\t<div class=\"wpls-fix-box\">\n\t\t\t\t<a href=\"https:\/\/businesspoint.ch\/\" target=\"_blank\">\n\t\t\t<img decoding=\"async\" class=\"wp-post-image\"  src=\"https:\/\/www.otabis.ch\/wp-content\/uploads\/2020\/02\/bp_logo.png\" alt=\"BusinessPoint\" \/>\n\t\t<\/a>\n\t\t\t<\/div>\n\t<\/div><div class=\"wpls-logo-cnt\">\n\t<div class=\"wpls-fix-box\">\n\t\t\t\t<a href=\"https:\/\/www.treuehand.com\/\" target=\"_blank\">\n\t\t\t<img decoding=\"async\" class=\"wp-post-image\"  src=\"https:\/\/www.otabis.ch\/wp-content\/uploads\/2020\/02\/treuehand-referenzen.png\" alt=\"TreueHand\" \/>\n\t\t<\/a>\n\t\t\t<\/div>\n\t<\/div><div class=\"wpls-logo-cnt\">\n\t<div class=\"wpls-fix-box\">\n\t\t\t\t<a href=\"https:\/\/shop.vogelverlag.ch\/de\/\" target=\"_blank\">\n\t\t\t<img decoding=\"async\" class=\"wp-post-image\"  src=\"https:\/\/www.otabis.ch\/wp-content\/uploads\/2020\/02\/vogel.png\" alt=\"Verlag Heinrich Vogel\" \/>\n\t\t<\/a>\n\t\t\t<\/div>\n\t<\/div><div class=\"wpls-logo-cnt\">\n\t<div class=\"wpls-fix-box\">\n\t\t\t\t<a href=\"https:\/\/www.bianca-cosmetic.ch\/\" target=\"_blank\">\n\t\t\t<img decoding=\"async\" class=\"wp-post-image\"  src=\"https:\/\/www.otabis.ch\/wp-content\/uploads\/2020\/02\/bianca_logo.png\" alt=\"Bianca\" \/>\n\t\t<\/a>\n\t\t\t<\/div>\n\t<\/div><div class=\"wpls-logo-cnt\">\n\t<div class=\"wpls-fix-box\">\n\t\t\t\t<a href=\"https:\/\/www.rocco-piccinni.ch\/\" target=\"_blank\">\n\t\t\t<img decoding=\"async\" class=\"wp-post-image\"  src=\"https:\/\/www.otabis.ch\/wp-content\/uploads\/2020\/02\/rp_logo.png\" alt=\"Rocco Piccinni\" \/>\n\t\t<\/a>\n\t\t\t<\/div>\n\t<\/div><div class=\"wpls-logo-cnt\">\n\t<div class=\"wpls-fix-box\">\n\t\t\t\t<a href=\"http:\/\/www.roteqturbo.com\/\" target=\"_blank\">\n\t\t\t<img decoding=\"async\" class=\"wp-post-image\"  src=\"https:\/\/www.otabis.ch\/wp-content\/uploads\/2020\/02\/roteq.png\" alt=\"Roteq\" \/>\n\t\t<\/a>\n\t\t\t<\/div>\n\t<\/div><div class=\"wpls-logo-cnt\">\n\t<div class=\"wpls-fix-box\">\n\t\t\t\t<a href=\"http:\/\/www.quorus.ch\/\" target=\"_blank\">\n\t\t\t<img decoding=\"async\" class=\"wp-post-image\"  src=\"https:\/\/www.otabis.ch\/wp-content\/uploads\/2020\/02\/quorusCH.png\" alt=\"QUORUS\" \/>\n\t\t<\/a>\n\t\t\t<\/div>\n\t<\/div><div class=\"wpls-logo-cnt\">\n\t<div class=\"wpls-fix-box\">\n\t\t\t\t<a href=\"https:\/\/unlimited-motorsport.ch\/\" target=\"_blank\">\n\t\t\t<img decoding=\"async\" class=\"wp-post-image\"  src=\"https:\/\/www.otabis.ch\/wp-content\/uploads\/2020\/02\/gp_logo.png\" alt=\"Gorilla Performance\" \/>\n\t\t<\/a>\n\t\t\t<\/div>\n\t<\/div><div class=\"wpls-logo-cnt\">\n\t<div class=\"wpls-fix-box\">\n\t\t\t\t<a href=\"http:\/\/www.nadinefischer.ch\/\" target=\"_blank\">\n\t\t\t<img decoding=\"async\" class=\"wp-post-image\"  src=\"https:\/\/www.otabis.ch\/wp-content\/uploads\/2020\/02\/nadine.png\" alt=\"Nadine Fischer\" \/>\n\t\t<\/a>\n\t\t\t<\/div>\n\t<\/div><div class=\"wpls-logo-cnt\">\n\t<div class=\"wpls-fix-box\">\n\t\t\t\t<a href=\"https:\/\/www.maisontruffe.ch\/\" target=\"_blank\">\n\t\t\t<img decoding=\"async\" class=\"wp-post-image\"  src=\"https:\/\/www.otabis.ch\/wp-content\/uploads\/2020\/02\/logo-1.png\" alt=\"MAison Truffe AG\" \/>\n\t\t<\/a>\n\t\t\t<\/div>\n\t<\/div><div class=\"wpls-logo-cnt\">\n\t<div class=\"wpls-fix-box\">\n\t\t\t\t<a href=\"https:\/\/www.gianesi-ag.ch\/\" target=\"_blank\">\n\t\t\t<img decoding=\"async\" class=\"wp-post-image\"  src=\"https:\/\/www.otabis.ch\/wp-content\/uploads\/2020\/02\/gianesi_logo.png\" alt=\"Gianesi\" \/>\n\t\t<\/a>\n\t\t\t<\/div>\n\t<\/div><div class=\"wpls-logo-cnt\">\n\t<div class=\"wpls-fix-box\">\n\t\t\t\t<a href=\"http:\/\/www.klimawandler.ch\/\" target=\"_blank\">\n\t\t\t<img decoding=\"async\" class=\"wp-post-image\"  src=\"https:\/\/www.otabis.ch\/wp-content\/uploads\/2020\/02\/admin-ajax.png\" alt=\"\" \/>\n\t\t<\/a>\n\t\t\t<\/div>\n\t<\/div><div class=\"wpls-logo-cnt\">\n\t<div class=\"wpls-fix-box\">\n\t\t\t\t<a href=\"https:\/\/www.johannesschule.ch\/Startseite.html\" target=\"_blank\">\n\t\t\t<img decoding=\"async\" class=\"wp-post-image\"  src=\"https:\/\/www.otabis.ch\/wp-content\/uploads\/2020\/02\/johannesschule.png\" alt=\"Johannes-Schule K\u00fcsnacht\" \/>\n\t\t<\/a>\n\t\t\t<\/div>\n\t<\/div><div class=\"wpls-logo-cnt\">\n\t<div class=\"wpls-fix-box\">\n\t\t\t\t<a href=\"http:\/\/www.helgkuechenbau.ch\/\" target=\"_blank\">\n\t\t\t<img decoding=\"async\" class=\"wp-post-image\"  src=\"https:\/\/www.otabis.ch\/wp-content\/uploads\/2020\/02\/hk_logo.png\" alt=\"Helg K\u00fcchen\" \/>\n\t\t<\/a>\n\t\t\t<\/div>\n\t<\/div>\t\t\t<\/div>\n\t\t<\/div>\n\n\t\t<\/p>\n","protected":false},"excerpt":{"rendered":"<p>Bei uns finden Sie Unterst\u00fctzung f\u00fcr Ihr t\u00e4gliches Business, Manpower f\u00fcr Ihre Projekte, nachhaltige L\u00f6sungen f\u00fcr Ihre neueste Gesch\u00e4ftsidee. Unser IT-Portfolio umfasst sowohl engagierte Administratoren f\u00fcr Ihr Netzwerk, top ausgebildete Webentwickler als auch Businessanalysten mit Branchenkompetenz. Referenzen<\/p>\n","protected":false},"author":1,"featured_media":133,"parent":0,"menu_order":0,"comment_status":"closed","ping_status":"closed","template":"","meta":{"footnotes":""},"class_list":["post-19","page","type-page","status-publish","has-post-thumbnail","hentry"],"yoast_head":"<!-- This site is optimized with the Yoast SEO plugin v27.4 - https:\/\/yoast.com\/product\/yoast-seo-wordpress\/ -->\n<title>\u00dcber uns -<\/title>\n<meta name=\"robots\" content=\"index, follow, max-snippet:-1, max-image-preview:large, max-video-preview:-1\" \/>\n<link rel=\"canonical\" href=\"https:\/\/www.otabis.ch\/?page_id=19\" \/>\n<meta property=\"og:locale\" content=\"de_DE\" \/>\n<meta property=\"og:type\" content=\"article\" \/>\n<meta property=\"og:title\" content=\"\u00dcber uns -\" \/>\n<meta property=\"og:description\" content=\"Bei uns finden Sie Unterst\u00fctzung f\u00fcr Ihr t\u00e4gliches Business, Manpower f\u00fcr Ihre Projekte, nachhaltige L\u00f6sungen f\u00fcr Ihre neueste Gesch\u00e4ftsidee. Unser IT-Portfolio umfasst sowohl engagierte Administratoren f\u00fcr Ihr Netzwerk, top ausgebildete Webentwickler als auch Businessanalysten mit Branchenkompetenz. Referenzen\" \/>\n<meta property=\"og:url\" content=\"https:\/\/www.otabis.ch\/?page_id=19\" \/>\n<meta property=\"article:modified_time\" content=\"2020-02-20T12:48:43+00:00\" \/>\n<meta property=\"og:image\" content=\"https:\/\/www.otabis.ch\/wp-content\/uploads\/2020\/02\/fww-1.jpg\" \/>\n\t<meta property=\"og:image:width\" content=\"2500\" \/>\n\t<meta property=\"og:image:height\" content=\"1851\" \/>\n\t<meta property=\"og:image:type\" content=\"image\/jpeg\" \/>\n<meta name=\"twitter:card\" content=\"summary_large_image\" \/>\n<script type=\"application\/ld+json\" class=\"yoast-schema-graph\">{\"@context\":\"https:\\\/\\\/schema.org\",\"@graph\":[{\"@type\":\"WebPage\",\"@id\":\"https:\\\/\\\/www.otabis.ch\\\/?page_id=19\",\"url\":\"https:\\\/\\\/www.otabis.ch\\\/?page_id=19\",\"name\":\"\u00dcber uns -\",\"isPartOf\":{\"@id\":\"https:\\\/\\\/www.otabis.ch\\\/#website\"},\"primaryImageOfPage\":{\"@id\":\"https:\\\/\\\/www.otabis.ch\\\/?page_id=19#primaryimage\"},\"image\":{\"@id\":\"https:\\\/\\\/www.otabis.ch\\\/?page_id=19#primaryimage\"},\"thumbnailUrl\":\"https:\\\/\\\/www.otabis.ch\\\/wp-content\\\/uploads\\\/2020\\\/02\\\/fww-1.jpg\",\"datePublished\":\"2020-02-19T19:51:23+00:00\",\"dateModified\":\"2020-02-20T12:48:43+00:00\",\"breadcrumb\":{\"@id\":\"https:\\\/\\\/www.otabis.ch\\\/?page_id=19#breadcrumb\"},\"inLanguage\":\"de\",\"potentialAction\":[{\"@type\":\"ReadAction\",\"target\":[\"https:\\\/\\\/www.otabis.ch\\\/?page_id=19\"]}]},{\"@type\":\"ImageObject\",\"inLanguage\":\"de\",\"@id\":\"https:\\\/\\\/www.otabis.ch\\\/?page_id=19#primaryimage\",\"url\":\"https:\\\/\\\/www.otabis.ch\\\/wp-content\\\/uploads\\\/2020\\\/02\\\/fww-1.jpg\",\"contentUrl\":\"https:\\\/\\\/www.otabis.ch\\\/wp-content\\\/uploads\\\/2020\\\/02\\\/fww-1.jpg\",\"width\":2500,\"height\":1851},{\"@type\":\"BreadcrumbList\",\"@id\":\"https:\\\/\\\/www.otabis.ch\\\/?page_id=19#breadcrumb\",\"itemListElement\":[{\"@type\":\"ListItem\",\"position\":1,\"name\":\"Home\",\"item\":\"https:\\\/\\\/www.otabis.ch\\\/\"},{\"@type\":\"ListItem\",\"position\":2,\"name\":\"\u00dcber uns\"}]},{\"@type\":\"WebSite\",\"@id\":\"https:\\\/\\\/www.otabis.ch\\\/#website\",\"url\":\"https:\\\/\\\/www.otabis.ch\\\/\",\"name\":\"\",\"description\":\"\",\"potentialAction\":[{\"@type\":\"SearchAction\",\"target\":{\"@type\":\"EntryPoint\",\"urlTemplate\":\"https:\\\/\\\/www.otabis.ch\\\/?s={search_term_string}\"},\"query-input\":{\"@type\":\"PropertyValueSpecification\",\"valueRequired\":true,\"valueName\":\"search_term_string\"}}],\"inLanguage\":\"de\"}]}<\/script>\n<!-- \/ Yoast SEO plugin. -->","yoast_head_json":{"title":"\u00dcber uns -","robots":{"index":"index","follow":"follow","max-snippet":"max-snippet:-1","max-image-preview":"max-image-preview:large","max-video-preview":"max-video-preview:-1"},"canonical":"https:\/\/www.otabis.ch\/?page_id=19","og_locale":"de_DE","og_type":"article","og_title":"\u00dcber uns -","og_description":"Bei uns finden Sie Unterst\u00fctzung f\u00fcr Ihr t\u00e4gliches Business, Manpower f\u00fcr Ihre Projekte, nachhaltige L\u00f6sungen f\u00fcr Ihre neueste Gesch\u00e4ftsidee. Unser IT-Portfolio umfasst sowohl engagierte Administratoren f\u00fcr Ihr Netzwerk, top ausgebildete Webentwickler als auch Businessanalysten mit Branchenkompetenz. Referenzen","og_url":"https:\/\/www.otabis.ch\/?page_id=19","article_modified_time":"2020-02-20T12:48:43+00:00","og_image":[{"width":2500,"height":1851,"url":"https:\/\/www.otabis.ch\/wp-content\/uploads\/2020\/02\/fww-1.jpg","type":"image\/jpeg"}],"twitter_card":"summary_large_image","schema":{"@context":"https:\/\/schema.org","@graph":[{"@type":"WebPage","@id":"https:\/\/www.otabis.ch\/?page_id=19","url":"https:\/\/www.otabis.ch\/?page_id=19","name":"\u00dcber uns -","isPartOf":{"@id":"https:\/\/www.otabis.ch\/#website"},"primaryImageOfPage":{"@id":"https:\/\/www.otabis.ch\/?page_id=19#primaryimage"},"image":{"@id":"https:\/\/www.otabis.ch\/?page_id=19#primaryimage"},"thumbnailUrl":"https:\/\/www.otabis.ch\/wp-content\/uploads\/2020\/02\/fww-1.jpg","datePublished":"2020-02-19T19:51:23+00:00","dateModified":"2020-02-20T12:48:43+00:00","breadcrumb":{"@id":"https:\/\/www.otabis.ch\/?page_id=19#breadcrumb"},"inLanguage":"de","potentialAction":[{"@type":"ReadAction","target":["https:\/\/www.otabis.ch\/?page_id=19"]}]},{"@type":"ImageObject","inLanguage":"de","@id":"https:\/\/www.otabis.ch\/?page_id=19#primaryimage","url":"https:\/\/www.otabis.ch\/wp-content\/uploads\/2020\/02\/fww-1.jpg","contentUrl":"https:\/\/www.otabis.ch\/wp-content\/uploads\/2020\/02\/fww-1.jpg","width":2500,"height":1851},{"@type":"BreadcrumbList","@id":"https:\/\/www.otabis.ch\/?page_id=19#breadcrumb","itemListElement":[{"@type":"ListItem","position":1,"name":"Home","item":"https:\/\/www.otabis.ch\/"},{"@type":"ListItem","position":2,"name":"\u00dcber uns"}]},{"@type":"WebSite","@id":"https:\/\/www.otabis.ch\/#website","url":"https:\/\/www.otabis.ch\/","name":"","description":"","potentialAction":[{"@type":"SearchAction","target":{"@type":"EntryPoint","urlTemplate":"https:\/\/www.otabis.ch\/?s={search_term_string}"},"query-input":{"@type":"PropertyValueSpecification","valueRequired":true,"valueName":"search_term_string"}}],"inLanguage":"de"}]}},"_links":{"self":[{"href":"https:\/\/www.otabis.ch\/index.php?rest_route=\/wp\/v2\/pages\/19","targetHints":{"allow":["GET"]}}],"collection":[{"href":"https:\/\/www.otabis.ch\/index.php?rest_route=\/wp\/v2\/pages"}],"about":[{"href":"https:\/\/www.otabis.ch\/index.php?rest_route=\/wp\/v2\/types\/page"}],"author":[{"embeddable":true,"href":"https:\/\/www.otabis.ch\/index.php?rest_route=\/wp\/v2\/users\/1"}],"replies":[{"embeddable":true,"href":"https:\/\/www.otabis.ch\/index.php?rest_route=%2Fwp%2Fv2%2Fcomments&post=19"}],"version-history":[{"count":17,"href":"https:\/\/www.otabis.ch\/index.php?rest_route=\/wp\/v2\/pages\/19\/revisions"}],"predecessor-version":[{"id":271,"href":"https:\/\/www.otabis.ch\/index.php?rest_route=\/wp\/v2\/pages\/19\/revisions\/271"}],"wp:featuredmedia":[{"embeddable":true,"href":"https:\/\/www.otabis.ch\/index.php?rest_route=\/wp\/v2\/media\/133"}],"wp:attachment":[{"href":"https:\/\/www.otabis.ch\/index.php?rest_route=%2Fwp%2Fv2%2Fmedia&parent=19"}],"curies":[{"name":"wp","href":"https:\/\/api.w.org\/{rel}","templated":true}]}}