{"id":3,"date":"2020-02-18T19:35:00","date_gmt":"2020-02-18T19:35:00","guid":{"rendered":"http:\/\/www.otabis.ch\/?page_id=3"},"modified":"2025-02-20T20:39:04","modified_gmt":"2025-02-20T20:39:04","slug":"privacy-policy","status":"publish","type":"page","link":"https:\/\/www.otabis.ch\/?page_id=3","title":{"rendered":"Privacy Policy"},"content":{"rendered":"\n<p><br><strong>Otabis GmbH<\/strong><br>L\u00e4ttichstrasse 6<br>CH &#8211; 6340 Baar<\/p>\n\n\n\n<h4 class=\"wp-block-heading\">Zweck dieser Website \/ Gew\u00e4hrleistung<\/h4>\n\n\n\n<p>Der Zweck dieser Website ist die Informationsvermittlung \u00fcber unsere Gesellschaft und Dienstleistungen. Durch das Aufrufen dieser Website durch den Benutzer geht Otabis GmbH mit dem Benutzer keinerlei vertragliche Beziehung ein. Die publizierten Tools begr\u00fcnden weder eine Aufforderung zur Offertenstellung noch ein Angebot. Otabis GmbH bem\u00fcht sich, die Inhalte auf dieser Website aktuell, vollst\u00e4ndig und richtig zu halten. Da diese Informationen jedoch raschen \u00c4nderungen unterliegen k\u00f6nnen, kann die Aktualit\u00e4t, Richtigkeit und Vollst\u00e4ndigkeit nicht vollst\u00e4ndig gew\u00e4hrleistet werden. Die Angaben auf dieser Website stellen keine verbindlichen Entscheidungshilfen und Antworten auf Beratungsfragen dar, noch sollten aufgrund dieser Angaben arbeitsrechtliche oder andere Entscheide gef\u00e4llt werden. Jegliches Handeln, welches aufgrund der Angaben auf dieser Website getroffen wird, erfolgt auf das alleinige Risiko des Benutzers.<\/p>\n\n\n\n<h4 class=\"wp-block-heading\">Funktionen dieser Website<\/h4>\n\n\n\n<p>Otabis GmbH \u00fcbernimmt keine Verantwortung und gibt keine Garantie daf\u00fcr ab, dass die Funktionen auf ihrer Website dauernd und ununterbrochen zur Verf\u00fcgung stehen, fehlerfrei sind oder Fehler behoben werden oder dass die Website oder die jeweiligen Server frei von Viren oder sonstigen sch\u00e4dlichen Bestandteilen sind.<\/p>\n\n\n\n<h4 class=\"wp-block-heading\">Links &amp; Verweise &amp; Partnerseiten<\/h4>\n\n\n\n<p>Diese Website enth\u00e4lt Links zu Websites von Dritten. Deren Inhalte sind dem Einfluss von Otabis GmbH entzogen, weshalb weder f\u00fcr deren Richtigkeit, Vollst\u00e4ndigkeit und Rechtm\u00e4ssigkeit irgendeine Gew\u00e4hrleistung \u00fcbernommen werden kann. Otabis GmbH \u00fcbernimmt daher keinerlei Haftung f\u00fcr die Inhalte auf den Seiten dieser Dritten.<\/p>\n\n\n\n<h4 class=\"wp-block-heading\">Keine Sicherheit der Daten\u00fcbertragung<\/h4>\n\n\n\n<p>Die E-Mail-Kommunikation findet \u00fcber ein offenes, jedermann zug\u00e4ngliches und grenz\u00fcberschreitendes Netz statt. Sie ist unverschl\u00fcsselt. Es kann somit nicht ausgeschlossen werden, dass so gesendete Daten durch Dritte eingesehen und damit auch die Kontaktaufnahme zu Otabis GmbH nachvollzogen werden kann.<\/p>\n\n\n\n<h4 class=\"wp-block-heading\">Datenschutz<\/h4>\n\n\n\n<p>Otabis GmbH beh\u00e4lt sich vor, personenbezogene Daten, welche ihr elektronisch \u00fcbermittelt werden, f\u00fcr eigene Marketingzwecke zu erfassen und auszuwerten. Sie beachtet dabei die Bestimmungen des Eidgen\u00f6ssischen Datenschutzgesetzes und gibt die Daten nicht an Dritte weiter.<\/p>\n\n\n\n<h4 class=\"wp-block-heading\">Haftungsausschluss<\/h4>\n\n\n\n<p>Die Inhalte dieser Website beinhalten keinerlei Zusicherungen oder Garantien. Otabis GmbH haftet in keinem Fall, inklusive Fahrl\u00e4ssigkeit und Haftung gegen\u00fcber Drittpersonen, f\u00fcr allf\u00e4llige direkte, indirekte oder Folgesch\u00e4den, welche als Folge des Gebrauchs von Informationen und Material aus dieser Website oder durch den Zugriff \u00fcber Links auf andere Websites entstehen.<\/p>\n\n\n\n<h4 class=\"wp-block-heading\">Copyright und andere Schutzrechte<\/h4>\n\n\n\n<p>Die Inhalte dieser Website beinhalten keinerlei Zusicherungen oder Garantien. Otabis GmbH haftet in keinem Fall, inklusive Fahrl\u00e4ssigkeit und Haftung gegen\u00fcber Drittpersonen, f\u00fcr allf\u00e4llige direkte, indirekte oder Folgesch\u00e4den, welche als Folge des Gebrauchs von Informationen und Material aus dieser Website oder durch den Zugriff \u00fcber Links auf andere Websites entstehen.<\/p>\n\n\n\n<h4 class=\"wp-block-heading\">Google Analytics | Bedingungen<\/h4>\n\n\n\n<p>Diese Website benutzt Google Analytics, einen Webanalysedienst der Google Inc. (\u201eGoogle&#8220;). Google Analytics verwendet sog. \u201eCookies&#8220;, Textdateien, die auf Ihrem Computer gespeichert werden und die eine Analyse der Benutzung der Website durch Sie erm\u00f6glichen. Die durch den Cookie erzeugten Informationen \u00fcber Ihre Benutzung dieser Website werden in der Regel an einen Server von Google in den USA \u00fcbertragen und dort gespeichert. Im Falle der Aktivierung der IP-Anonymisierung auf dieser Webseite, wird Ihre IP-Adresse von Google jedoch innerhalb von Mitgliedstaaten der Europ\u00e4ischen Union oder in anderen Vertragsstaaten des Abkommens \u00fcber den Europ\u00e4ischen Wirtschaftsraum zuvor gek\u00fcrzt. Nur in Ausnahmef\u00e4llen wird die volle IP-Adresse an einen Server von Google in den USA \u00fcbertragen und dort gek\u00fcrzt. Im Auftrag des Betreibers dieser Website wird Google diese Informationen benutzen, um Ihre Nutzung der Website auszuwerten, um Reports \u00fcber die Websiteaktivit\u00e4ten zusammenzustellen und um weitere mit der Websitenutzung und der Internetnutzung verbundene Dienstleistungen gegen\u00fcber dem Websitebetreiber zu erbringen Die im Rahmen von Google Analytics von Ihrem Browser \u00fcbermittelte IP-Adresse wird nicht mit anderen Daten von Google zusammengef\u00fchrt. Sie k\u00f6nnen die Speicherung der Cookies durch eine entsprechende Einstellung Ihrer Browser-Software verhindern; wir weisen Sie jedoch darauf hin, dass Sie in diesem Fall gegebenenfalls nicht s\u00e4mtliche Funktionen dieser Website vollumf\u00e4nglich werden nutzen k\u00f6nnen. Sie k\u00f6nnen dar\u00fcber hinaus die Erfassung der durch das Cookie erzeugten und auf Ihre Nutzung der Website bezogenen Daten (inkl. Ihrer IP-Adresse) an Google sowie die Verarbeitung dieser Daten durch Google verhindern, indem sie das unter dem folgenden Link verf\u00fcgbare Browser-Plugin herunterladen und installieren. <br>Der aktuelle Link ist <a href=\"http:\/\/tools.google.com\/dlpage\/gaoptout?hl=de\">http:\/\/tools.google.com\/dlpage\/gaoptout?hl=de<\/a> Google Analytics <br>Bedingungen: <a href=\"https:\/\/www.google.com\/analytics\/terms\/de.html\">https:\/\/www.google.com\/analytics\/terms\/de.html<\/a><\/p>\n\n\n\n<p>Otabis GmbH<\/p>\n\n\n\n<h2 class=\"wp-block-heading\">Who we are<\/h2>\n\n\n\n<p>Our website address is: https:\/\/www.otabis.ch.<\/p>\n\n\n\n<h2 class=\"wp-block-heading\">What personal data we collect and why we collect it<\/h2>\n\n\n\n<h3 class=\"wp-block-heading\">Comments<\/h3>\n\n\n\n<p>When visitors leave comments on the site we collect the data shown in the comments form, and also the visitor\u2019s IP address and browser user agent string to help spam detection.<\/p>\n\n\n\n<p>An anonymized string created from your email address (also called a hash) may be provided to the Gravatar service to see if you are using it. The Gravatar service privacy policy is available here: https:\/\/automattic.com\/privacy\/. After approval of your comment, your profile picture is visible to the public in the context of your comment.<\/p>\n\n\n\n<h3 class=\"wp-block-heading\">Media<\/h3>\n\n\n\n<p>If you upload images to the website, you should avoid uploading images with embedded location data (EXIF GPS) included. Visitors to the website can download and extract any location data from images on the website.<\/p>\n\n\n\n<h3 class=\"wp-block-heading\">Contact forms<\/h3>\n\n\n\n<h3 class=\"wp-block-heading\">Cookies<\/h3>\n\n\n\n<p>If you leave a comment on our site you may opt-in to saving your name, email address and website in cookies. These are for your convenience so that you do not have to fill in your details again when you leave another comment. These cookies will last for one year.<\/p>\n\n\n\n<p>If you visit our login page, we will set a temporary cookie to determine if your browser accepts cookies. This cookie contains no personal data and is discarded when you close your browser.<\/p>\n\n\n\n<p>When you log in, we will also set up several cookies to save your login information and your screen display choices. Login cookies last for two days, and screen options cookies last for a year. If you select &#8222;Remember Me&#8220;, your login will persist for two weeks. If you log out of your account, the login cookies will be removed.<\/p>\n\n\n\n<p>If you edit or publish an article, an additional cookie will be saved in your browser. This cookie includes no personal data and simply indicates the post ID of the article you just edited. It expires after 1 day.<\/p>\n\n\n\n<h3 class=\"wp-block-heading\">Embedded content from other websites<\/h3>\n\n\n\n<p>Articles on this site may include embedded content (e.g. videos, images, articles, etc.). Embedded content from other websites behaves in the exact same way as if the visitor has visited the other website.<\/p>\n\n\n\n<p>These websites may collect data about you, use cookies, embed additional third-party tracking, and monitor your interaction with that embedded content, including tracking your interaction with the embedded content if you have an account and are logged in to that website.<\/p>\n\n\n\n<h3 class=\"wp-block-heading\">Analytics<\/h3>\n\n\n\n<h2 class=\"wp-block-heading\">Who we share your data with<\/h2>\n\n\n\n<h2 class=\"wp-block-heading\">How long we retain your data<\/h2>\n\n\n\n<p>If you leave a comment, the comment and its metadata are retained indefinitely. This is so we can recognize and approve any follow-up comments automatically instead of holding them in a moderation queue.<\/p>\n\n\n\n<p>For users that register on our website (if any), we also store the personal information they provide in their user profile. All users can see, edit, or delete their personal information at any time (except they cannot change their username). Website administrators can also see and edit that information.<\/p>\n\n\n\n<h2 class=\"wp-block-heading\">What rights you have over your data<\/h2>\n\n\n\n<p>If you have an account on this site, or have left comments, you can request to receive an exported file of the personal data we hold about you, including any data you have provided to us. You can also request that we erase any personal data we hold about you. This does not include any data we are obliged to keep for administrative, legal, or security purposes.<\/p>\n\n\n\n<h2 class=\"wp-block-heading\">Where we send your data<\/h2>\n\n\n\n<p>Visitor comments may be checked through an automated spam detection service.<\/p>\n\n\n\n<h2 class=\"wp-block-heading\">Your contact information<\/h2>\n\n\n\n<h2 class=\"wp-block-heading\">Additional information<\/h2>\n\n\n\n<h3 class=\"wp-block-heading\">How we protect your data<\/h3>\n\n\n\n<h3 class=\"wp-block-heading\">What data breach procedures we have in place<\/h3>\n\n\n\n<h3 class=\"wp-block-heading\">What third parties we receive data from<\/h3>\n\n\n\n<h3 class=\"wp-block-heading\">What automated decision making and\/or profiling we do with user data<\/h3>\n\n\n\n<h3 class=\"wp-block-heading\">Industry regulatory disclosure requirements<\/h3>\n\n\n\n<p><\/p>\n","protected":false},"excerpt":{"rendered":"<p>Otabis GmbHL\u00e4ttichstrasse 6CH &#8211; 6340 Baar Zweck dieser Website \/ Gew\u00e4hrleistung Der Zweck dieser Website ist die Informationsvermittlung \u00fcber unsere Gesellschaft und Dienstleistungen. Durch das Aufrufen dieser Website durch den Benutzer geht Otabis GmbH mit dem Benutzer keinerlei vertragliche Beziehung ein. Die publizierten Tools begr\u00fcnden weder eine Aufforderung zur Offertenstellung noch ein Angebot. Otabis GmbH &hellip; <\/p>\n<p class=\"link-more\"><a href=\"https:\/\/www.otabis.ch\/?page_id=3\" class=\"more-link\"><span class=\"screen-reader-text\">\u201ePrivacy Policy\u201c <\/span>weiterlesen<\/a><\/p>\n","protected":false},"author":1,"featured_media":0,"parent":0,"menu_order":0,"comment_status":"closed","ping_status":"closed","template":"","meta":{"footnotes":""},"class_list":["post-3","page","type-page","status-publish","hentry"],"yoast_head":"<!-- This site is optimized with the Yoast SEO plugin v27.4 - https:\/\/yoast.com\/product\/yoast-seo-wordpress\/ -->\n<title>Privacy Policy -<\/title>\n<meta name=\"robots\" content=\"index, follow, max-snippet:-1, max-image-preview:large, max-video-preview:-1\" \/>\n<link rel=\"canonical\" href=\"https:\/\/www.otabis.ch\/?page_id=3\" \/>\n<meta property=\"og:locale\" content=\"de_DE\" \/>\n<meta property=\"og:type\" content=\"article\" \/>\n<meta property=\"og:title\" content=\"Privacy Policy -\" \/>\n<meta property=\"og:description\" content=\"Otabis GmbHL\u00e4ttichstrasse 6CH &#8211; 6340 Baar Zweck dieser Website \/ Gew\u00e4hrleistung Der Zweck dieser Website ist die Informationsvermittlung \u00fcber unsere Gesellschaft und Dienstleistungen. Durch das Aufrufen dieser Website durch den Benutzer geht Otabis GmbH mit dem Benutzer keinerlei vertragliche Beziehung ein. Die publizierten Tools begr\u00fcnden weder eine Aufforderung zur Offertenstellung noch ein Angebot. Otabis GmbH &hellip; \u201ePrivacy Policy\u201c weiterlesen\" \/>\n<meta property=\"og:url\" content=\"https:\/\/www.otabis.ch\/?page_id=3\" \/>\n<meta property=\"article:modified_time\" content=\"2025-02-20T20:39:04+00:00\" \/>\n<meta name=\"twitter:card\" content=\"summary_large_image\" \/>\n<meta name=\"twitter:label1\" content=\"Gesch\u00e4tzte Lesezeit\" \/>\n\t<meta name=\"twitter:data1\" content=\"8\u00a0Minuten\" \/>\n<script type=\"application\/ld+json\" class=\"yoast-schema-graph\">{\"@context\":\"https:\\\/\\\/schema.org\",\"@graph\":[{\"@type\":\"WebPage\",\"@id\":\"https:\\\/\\\/www.otabis.ch\\\/?page_id=3\",\"url\":\"https:\\\/\\\/www.otabis.ch\\\/?page_id=3\",\"name\":\"Privacy Policy -\",\"isPartOf\":{\"@id\":\"https:\\\/\\\/www.otabis.ch\\\/#website\"},\"datePublished\":\"2020-02-18T19:35:00+00:00\",\"dateModified\":\"2025-02-20T20:39:04+00:00\",\"breadcrumb\":{\"@id\":\"https:\\\/\\\/www.otabis.ch\\\/?page_id=3#breadcrumb\"},\"inLanguage\":\"de\",\"potentialAction\":[{\"@type\":\"ReadAction\",\"target\":[\"https:\\\/\\\/www.otabis.ch\\\/?page_id=3\"]}]},{\"@type\":\"BreadcrumbList\",\"@id\":\"https:\\\/\\\/www.otabis.ch\\\/?page_id=3#breadcrumb\",\"itemListElement\":[{\"@type\":\"ListItem\",\"position\":1,\"name\":\"Home\",\"item\":\"https:\\\/\\\/www.otabis.ch\\\/\"},{\"@type\":\"ListItem\",\"position\":2,\"name\":\"Privacy Policy\"}]},{\"@type\":\"WebSite\",\"@id\":\"https:\\\/\\\/www.otabis.ch\\\/#website\",\"url\":\"https:\\\/\\\/www.otabis.ch\\\/\",\"name\":\"\",\"description\":\"\",\"potentialAction\":[{\"@type\":\"SearchAction\",\"target\":{\"@type\":\"EntryPoint\",\"urlTemplate\":\"https:\\\/\\\/www.otabis.ch\\\/?s={search_term_string}\"},\"query-input\":{\"@type\":\"PropertyValueSpecification\",\"valueRequired\":true,\"valueName\":\"search_term_string\"}}],\"inLanguage\":\"de\"}]}<\/script>\n<!-- \/ Yoast SEO plugin. -->","yoast_head_json":{"title":"Privacy Policy -","robots":{"index":"index","follow":"follow","max-snippet":"max-snippet:-1","max-image-preview":"max-image-preview:large","max-video-preview":"max-video-preview:-1"},"canonical":"https:\/\/www.otabis.ch\/?page_id=3","og_locale":"de_DE","og_type":"article","og_title":"Privacy Policy -","og_description":"Otabis GmbHL\u00e4ttichstrasse 6CH &#8211; 6340 Baar Zweck dieser Website \/ Gew\u00e4hrleistung Der Zweck dieser Website ist die Informationsvermittlung \u00fcber unsere Gesellschaft und Dienstleistungen. Durch das Aufrufen dieser Website durch den Benutzer geht Otabis GmbH mit dem Benutzer keinerlei vertragliche Beziehung ein. Die publizierten Tools begr\u00fcnden weder eine Aufforderung zur Offertenstellung noch ein Angebot. Otabis GmbH &hellip; \u201ePrivacy Policy\u201c weiterlesen","og_url":"https:\/\/www.otabis.ch\/?page_id=3","article_modified_time":"2025-02-20T20:39:04+00:00","twitter_card":"summary_large_image","twitter_misc":{"Gesch\u00e4tzte Lesezeit":"8\u00a0Minuten"},"schema":{"@context":"https:\/\/schema.org","@graph":[{"@type":"WebPage","@id":"https:\/\/www.otabis.ch\/?page_id=3","url":"https:\/\/www.otabis.ch\/?page_id=3","name":"Privacy Policy -","isPartOf":{"@id":"https:\/\/www.otabis.ch\/#website"},"datePublished":"2020-02-18T19:35:00+00:00","dateModified":"2025-02-20T20:39:04+00:00","breadcrumb":{"@id":"https:\/\/www.otabis.ch\/?page_id=3#breadcrumb"},"inLanguage":"de","potentialAction":[{"@type":"ReadAction","target":["https:\/\/www.otabis.ch\/?page_id=3"]}]},{"@type":"BreadcrumbList","@id":"https:\/\/www.otabis.ch\/?page_id=3#breadcrumb","itemListElement":[{"@type":"ListItem","position":1,"name":"Home","item":"https:\/\/www.otabis.ch\/"},{"@type":"ListItem","position":2,"name":"Privacy Policy"}]},{"@type":"WebSite","@id":"https:\/\/www.otabis.ch\/#website","url":"https:\/\/www.otabis.ch\/","name":"","description":"","potentialAction":[{"@type":"SearchAction","target":{"@type":"EntryPoint","urlTemplate":"https:\/\/www.otabis.ch\/?s={search_term_string}"},"query-input":{"@type":"PropertyValueSpecification","valueRequired":true,"valueName":"search_term_string"}}],"inLanguage":"de"}]}},"_links":{"self":[{"href":"https:\/\/www.otabis.ch\/index.php?rest_route=\/wp\/v2\/pages\/3","targetHints":{"allow":["GET"]}}],"collection":[{"href":"https:\/\/www.otabis.ch\/index.php?rest_route=\/wp\/v2\/pages"}],"about":[{"href":"https:\/\/www.otabis.ch\/index.php?rest_route=\/wp\/v2\/types\/page"}],"author":[{"embeddable":true,"href":"https:\/\/www.otabis.ch\/index.php?rest_route=\/wp\/v2\/users\/1"}],"replies":[{"embeddable":true,"href":"https:\/\/www.otabis.ch\/index.php?rest_route=%2Fwp%2Fv2%2Fcomments&post=3"}],"version-history":[{"count":2,"href":"https:\/\/www.otabis.ch\/index.php?rest_route=\/wp\/v2\/pages\/3\/revisions"}],"predecessor-version":[{"id":366,"href":"https:\/\/www.otabis.ch\/index.php?rest_route=\/wp\/v2\/pages\/3\/revisions\/366"}],"wp:attachment":[{"href":"https:\/\/www.otabis.ch\/index.php?rest_route=%2Fwp%2Fv2%2Fmedia&parent=3"}],"curies":[{"name":"wp","href":"https:\/\/api.w.org\/{rel}","templated":true}]}}